{"id":9,"date":"2016-12-27T16:43:53","date_gmt":"2016-12-27T15:43:53","guid":{"rendered":"http:\/\/eulederminerva.de\/hilsenrath\/?page_id=9"},"modified":"2021-01-06T21:37:59","modified_gmt":"2021-01-06T20:37:59","slug":"autor","status":"publish","type":"page","link":"https:\/\/eulederminerva.de\/hilsenrath\/","title":{"rendered":"Autor"},"content":{"rendered":"\n<div class=\"wp-block-image wp-image-33 size-full\"><figure class=\"alignright\"><img loading=\"lazy\" decoding=\"async\" width=\"250\" height=\"251\" src=\"https:\/\/eulederminerva.de\/hilsenrath\/wp-content\/uploads\/sites\/3\/2016\/12\/Logo.jpg\" alt=\"\" class=\"wp-image-33\" srcset=\"https:\/\/eulederminerva.de\/hilsenrath\/wp-content\/uploads\/sites\/3\/2016\/12\/Logo.jpg 250w, https:\/\/eulederminerva.de\/hilsenrath\/wp-content\/uploads\/sites\/3\/2016\/12\/Logo-150x150.jpg 150w\" sizes=\"auto, (max-width: 250px) 100vw, 250px\" \/><figcaption>Edgar Hilsenrath<\/figcaption><\/figure><\/div>\n\n\n\n<div class=\"wp-block-image\"><figure class=\"alignright\"><a href=\"https:\/\/doi.org\/10.4444\/10\" target=\"_blank\" rel=\"noopener\"><img decoding=\"async\" src=\"https:\/\/eulederminerva.de\/wp-content\/uploads\/2016\/12\/gb.png\" alt=\"\" class=\"wp-image-18\"\/><\/a><\/figure><\/div>\n\n\n\n<h4 class=\"wp-block-heading\">Edgar Hilsenrath<\/h4>\n\n\n\n<p>ist der ber\u00fchmte Autor von <a href=\"https:\/\/doi.org\/10.4444\/10.1.de\" target=\"_blank\" rel=\"noreferrer noopener\"><em>Nacht<\/em><\/a>, <a href=\"https:\/\/doi.org\/10.4444\/10.2.de\" target=\"_blank\" rel=\"noreferrer noopener\"><em>Der Nazi &amp; der Friseur<\/em><\/a>&nbsp;und <a href=\"https:\/\/doi.org\/10.4444\/10.6.de\" target=\"_blank\" rel=\"noreferrer noopener\"><em>Das M\u00e4rchen vom letzten Gedanken<\/em><\/a>.<\/p>\n\n\n\n<p>Ausf\u00fchrliche Informationen entnehmen Sie bitte der <a href=\"https:\/\/hilsenrath.de\" target=\"_blank\" rel=\"noopener noreferrer\">Internetseite des Schriftstellers<\/a>.<\/p>\n\n\n\n<h5 class=\"wp-block-heading\">Werke<\/h5>\n\n\n\n<ul class=\"wp-block-list\"><li><a href=\"https:\/\/doi.org\/10.4444\/10.1.de\" target=\"_blank\" rel=\"noreferrer noopener\">Nacht<\/a>&nbsp;(1964)<\/li><li><a href=\"https:\/\/doi.org\/10.4444\/10.2.de\" target=\"_blank\" rel=\"noreferrer noopener\">Der Nazi &amp; der Friseur<\/a>&nbsp;(en. 1971, dt. 1977)<\/li><li><a href=\"https:\/\/doi.org\/10.4444\/10.3.de\" target=\"_blank\" rel=\"noreferrer noopener\">Moskauer Orgasmus<\/a>&nbsp;(1979)<\/li><li><a href=\"https:\/\/doi.org\/10.4444\/10.4.de\" target=\"_blank\" rel=\"noreferrer noopener\">Fuck America<\/a>&nbsp;(1980)<\/li><li><a href=\"https:\/\/doi.org\/10.4444\/10.5.de\" target=\"_blank\" rel=\"noreferrer noopener\">Zibulsky oder Antenne im Bauch<\/a>&nbsp;(1983)<\/li><li><a href=\"https:\/\/doi.org\/10.4444\/10.6.de\" target=\"_blank\" rel=\"noreferrer noopener\">Das M\u00e4rchen vom letzten Gedanken<\/a>&nbsp;(1989)<\/li><li><a href=\"https:\/\/doi.org\/10.4444\/10.7.de\" target=\"_blank\" rel=\"noreferrer noopener\">Jossel Wassermanns Heimkehr<\/a>&nbsp;(1993)<\/li><li><a href=\"https:\/\/doi.org\/10.4444\/10.8.de\" target=\"_blank\" rel=\"noreferrer noopener\">Die Abenteuer des Ruben Jablonski<\/a>&nbsp;(1997)<\/li><li><a href=\"https:\/\/doi.org\/10.4444\/10.10.de\" target=\"_blank\" rel=\"noreferrer noopener\">Berlin &#8230; Endstation<\/a>&nbsp;(2006)<\/li><li><a href=\"https:\/\/doi.org\/10.4444\/10.9.de\" target=\"_blank\" rel=\"noreferrer noopener\">Sie trommelten mit den F\u00e4usten den Takt<\/a>&nbsp;(2008)<\/li><\/ul>\n\n\n\n<h5 class=\"wp-block-heading\">Links<\/h5>\n\n\n\n<ul class=\"wp-block-list\"><li><a href=\"https:\/\/hilsenrath.de\" target=\"_blank\" rel=\"noopener noreferrer\">Internetseite des Schriftstellers<\/a><\/li><\/ul>\n\n\n\n<div style=\"height:20px\" aria-hidden=\"true\" class=\"wp-block-spacer\"><\/div>\n\n\n\n<p class=\"has-text-align-left\" style=\"font-size:13px\">Weitere lieferbare Ausgaben (Auswahl) \/ Further available editions (Selection)<br><img loading=\"lazy\" decoding=\"async\" src=\"https:\/\/eulederminerva.de\/wp-content\/uploads\/2017\/01\/de.png\" alt=\"\" width=\"16\" height=\"11\">&nbsp;&nbsp;<a href=\"https:\/\/doi.org\/10.4444\/10.2.de\" target=\"_blank\" rel=\"noopener noreferrer\">Deutsch (Deutsch, German)<\/a> \u2022 <img loading=\"lazy\" decoding=\"async\" src=\"https:\/\/eulederminerva.de\/wp-content\/uploads\/2016\/12\/gb.png\" alt=\"\" width=\"16\" height=\"11\">&nbsp;&nbsp;<a href=\"https:\/\/doi.org\/10.4444\/10.2\" target=\"_blank\" rel=\"noopener noreferrer\">English (Englisch, English)<\/a> \u2022 <img loading=\"lazy\" decoding=\"async\" src=\"https:\/\/eulederminerva.de\/wp-content\/uploads\/2017\/01\/fr.png\" alt=\"\" width=\"16\" height=\"11\">&nbsp;&nbsp;<a href=\"https:\/\/doi.org\/10.4444\/10.2.fr\" target=\"_blank\" rel=\"noopener noreferrer\">Fran\u00e7ais (Franz\u00f6sisch, French)<\/a> \u2022 <img loading=\"lazy\" decoding=\"async\" src=\"https:\/\/eulederminerva.de\/wp-content\/uploads\/2017\/01\/nl.png\" alt=\"\" width=\"16\" height=\"11\">&nbsp;&nbsp;<a href=\"https:\/\/doi.org\/10.4444\/10.2.nl\" target=\"_blank\" rel=\"noopener noreferrer\">Nederlands (Niederl\u00e4ndisch, Dutch)<\/a> \u2022 <img loading=\"lazy\" decoding=\"async\" src=\"https:\/\/eulederminerva.de\/wp-content\/uploads\/2017\/01\/it.png\" alt=\"\" width=\"16\" height=\"11\">&nbsp;&nbsp;<a href=\"https:\/\/doi.org\/10.4444\/10.3.it\" target=\"_blank\" rel=\"noopener noreferrer\">Italiano (Italienisch, Italian)<\/a><\/p>\n\n\n\n<p class=\"has-text-align-right\"><br>Edgar Hilsenrath<br><a href=\"https:\/\/doi.org\/10.4444\/10.de\">https:\/\/doi.org\/10.4444\/10.de<\/a><\/p>\n\n\n\n<div style=\"height:20px\" aria-hidden=\"true\" class=\"wp-block-spacer\"><\/div>\n\n\n\n<div class=\"wp-block-group\"><div class=\"wp-block-group__inner-container is-layout-flow wp-block-group-is-layout-flow\">\n<iframe loading=\"lazy\" src=\"https:\/\/player.vimeo.com\/video\/497738736\" width=\"640\" height=\"361\" frameborder=\"0\" allow=\"autoplay; fullscreen\" allowfullscreen=\"\"><\/iframe>\n\n\n\n<div style=\"height:20px\" aria-hidden=\"true\" class=\"wp-block-spacer\"><\/div>\n\n\n\n<p><strong>Edgar Hilsenrath: Fuck America<\/strong><br>Ein kleines Portrait mit einem Interview mit Edgar Hilsenrath<br>Mit franz\u00f6sischen Untertiteln<br>Deutschland und Frankreich 2009<\/p>\n<\/div><\/div>\n","protected":false},"excerpt":{"rendered":"<p>Edgar Hilsenrath ist der ber\u00fchmte Autor von Nacht, Der Nazi &amp; der Friseur&nbsp;und Das M\u00e4rchen vom letzten Gedanken. Ausf\u00fchrliche Informationen entnehmen Sie bitte der Internetseite des Schriftstellers. Werke Nacht&nbsp;(1964) Der Nazi &amp; der Friseur&nbsp;(en. 1971, dt. 1977) Moskauer Orgasmus&nbsp;(1979) Fuck America&nbsp;(1980) Zibulsky oder Antenne im Bauch&nbsp;(1983) Das M\u00e4rchen vom letzten Gedanken&nbsp;(1989) Jossel Wassermanns Heimkehr&nbsp;(1993) Die [&hellip;]<\/p>\n","protected":false},"author":1,"featured_media":0,"parent":0,"menu_order":10,"comment_status":"closed","ping_status":"closed","template":"","meta":{"sfsi_plus_gutenberg_text_before_share":"","sfsi_plus_gutenberg_show_text_before_share":"","sfsi_plus_gutenberg_icon_type":"","sfsi_plus_gutenberg_icon_alignemt":"","sfsi_plus_gutenburg_max_per_row":"","footnotes":""},"class_list":["post-9","page","type-page","status-publish","hentry","post-preview"],"_links":{"self":[{"href":"https:\/\/eulederminerva.de\/hilsenrath\/wp-json\/wp\/v2\/pages\/9","targetHints":{"allow":["GET"]}}],"collection":[{"href":"https:\/\/eulederminerva.de\/hilsenrath\/wp-json\/wp\/v2\/pages"}],"about":[{"href":"https:\/\/eulederminerva.de\/hilsenrath\/wp-json\/wp\/v2\/types\/page"}],"author":[{"embeddable":true,"href":"https:\/\/eulederminerva.de\/hilsenrath\/wp-json\/wp\/v2\/users\/1"}],"replies":[{"embeddable":true,"href":"https:\/\/eulederminerva.de\/hilsenrath\/wp-json\/wp\/v2\/comments?post=9"}],"version-history":[{"count":55,"href":"https:\/\/eulederminerva.de\/hilsenrath\/wp-json\/wp\/v2\/pages\/9\/revisions"}],"predecessor-version":[{"id":578,"href":"https:\/\/eulederminerva.de\/hilsenrath\/wp-json\/wp\/v2\/pages\/9\/revisions\/578"}],"wp:attachment":[{"href":"https:\/\/eulederminerva.de\/hilsenrath\/wp-json\/wp\/v2\/media?parent=9"}],"curies":[{"name":"wp","href":"https:\/\/api.w.org\/{rel}","templated":true}]}}